{"id":5593,"date":"2025-03-04T03:25:09","date_gmt":"2025-03-04T03:25:09","guid":{"rendered":"https:\/\/kulturemanaging.com\/?page_id=5593"},"modified":"2025-03-06T22:59:54","modified_gmt":"2025-03-06T22:59:54","slug":"entrepreneurship","status":"publish","type":"page","link":"https:\/\/kulturemanaging.com\/es\/entrepreneurship\/","title":{"rendered":"Emprendimiento"},"content":{"rendered":"<div data-elementor-type=\"wp-page\" data-elementor-id=\"5593\" class=\"elementor elementor-5593\">\n\t\t\t\t\t\t<section class=\"elementor-section elementor-top-section elementor-element elementor-element-56ba94b elementor-section-content-bottom elementor-section-boxed elementor-section-height-default elementor-section-height-default\" data-id=\"56ba94b\" data-element_type=\"section\">\n\t\t\t\t\t\t<div class=\"elementor-container elementor-column-gap-default\">\n\t\t\t\t\t<div class=\"elementor-column elementor-col-50 elementor-top-column elementor-element elementor-element-98fc2b6\" data-id=\"98fc2b6\" data-element_type=\"column\">\n\t\t\t<div class=\"elementor-widget-wrap elementor-element-populated\">\n\t\t\t\t\t\t<div class=\"elementor-element elementor-element-e708045 elementor-widget elementor-widget-tx_heading elh-el tx_heading\" data-id=\"e708045\" data-element_type=\"widget\" data-settings=\"{&quot;design_style&quot;:&quot;style_2&quot;}\" data-widget_type=\"tx_heading.default\">\n\t\t\t\t<div class=\"elementor-widget-container\">\n\t\t\t\t\t<div class=\"vt-section-title ver_2 headline pera-content tx-heading-section\">\r\n        <div class=\"subtitle tx-subTitle wow fadeInRight\" data-wow-delay=\"400ms\" data-wow-duration=\"1000ms\">\r\n        Inicia Tu Propio Negocio    <\/div>\r\n    <h2 class=\"tx-title section_title vt-title  vt-title-ani\">Tu Negocio, Nuestra Inversi\u00f3n \u2013 Una Alianza para el \u00c9xito<\/h2>    <\/div>\t\t\t\t<\/div>\n\t\t\t\t<\/div>\n\t\t\t\t\t<\/div>\n\t\t<\/div>\n\t\t\t\t<div class=\"elementor-column elementor-col-50 elementor-top-column elementor-element elementor-element-6bdb72d\" data-id=\"6bdb72d\" data-element_type=\"column\">\n\t\t\t<div class=\"elementor-widget-wrap elementor-element-populated\">\n\t\t\t\t\t\t<div class=\"elementor-element elementor-element-9ed0002 elementor-widget elementor-widget-tx_heading elh-el tx_heading\" data-id=\"9ed0002\" data-element_type=\"widget\" data-settings=\"{&quot;design_style&quot;:&quot;style_2&quot;}\" data-widget_type=\"tx_heading.default\">\n\t\t\t\t<div class=\"elementor-widget-container\">\n\t\t\t\t\t<div class=\"vt-section-title ver_2 headline pera-content tx-heading-section\">\r\n            <p class=\"tx-description\">\r\n        Ayudamos a profesionales como t\u00fa a lanzar y hacer crecer su propio negocio sin barreras financieras. Kulture Managing cubre los costos iniciales, gestiona las operaciones y comparte el \u00e9xito contigo.    <\/p>\r\n    <\/div>\t\t\t\t<\/div>\n\t\t\t\t<\/div>\n\t\t\t\t\t<\/div>\n\t\t<\/div>\n\t\t\t\t\t<\/div>\n\t\t<\/section>\n\t\t\t\t<section class=\"elementor-section elementor-top-section elementor-element elementor-element-f7f21e0 elementor-section-boxed elementor-section-height-default elementor-section-height-default\" data-id=\"f7f21e0\" data-element_type=\"section\">\n\t\t\t\t\t\t<div class=\"elementor-container elementor-column-gap-default\">\n\t\t\t\t\t<div class=\"elementor-column elementor-col-100 elementor-top-column elementor-element elementor-element-9ee8ffe\" data-id=\"9ee8ffe\" data-element_type=\"column\">\n\t\t\t<div class=\"elementor-widget-wrap elementor-element-populated\">\n\t\t\t\t\t\t<div class=\"elementor-element elementor-element-ade1805 elementor-widget elementor-widget-tx_heading elh-el tx_heading\" data-id=\"ade1805\" data-element_type=\"widget\" data-settings=\"{&quot;design_style&quot;:&quot;style_2&quot;}\" data-widget_type=\"tx_heading.default\">\n\t\t\t\t<div class=\"elementor-widget-container\">\n\t\t\t\t\t<div class=\"vt-section-title ver_2 headline pera-content tx-heading-section\">\r\n        <div class=\"subtitle tx-subTitle wow fadeInRight\" data-wow-delay=\"400ms\" data-wow-duration=\"1000ms\">\r\n        C\u00f3mo Funciona    <\/div>\r\n    <h2 class=\"tx-title section_title vt-title  vt-title-ani\">Paso a Paso hacia el \u00c9xito Empresarial<\/h2>    <\/div>\t\t\t\t<\/div>\n\t\t\t\t<\/div>\n\t\t\t\t\t<\/div>\n\t\t<\/div>\n\t\t\t\t\t<\/div>\n\t\t<\/section>\n\t\t\t\t<section class=\"elementor-section elementor-top-section elementor-element elementor-element-5323174 elementor-section-boxed elementor-section-height-default elementor-section-height-default\" data-id=\"5323174\" data-element_type=\"section\">\n\t\t\t\t\t\t<div class=\"elementor-container elementor-column-gap-default\">\n\t\t\t\t\t<div class=\"elementor-column elementor-col-100 elementor-top-column elementor-element elementor-element-5d6f587\" data-id=\"5d6f587\" data-element_type=\"column\">\n\t\t\t<div class=\"elementor-widget-wrap elementor-element-populated\">\n\t\t\t\t\t\t<section class=\"elementor-section elementor-inner-section elementor-element elementor-element-e35ed9d elementor-section-full_width elementor-section-height-default elementor-section-height-default\" data-id=\"e35ed9d\" data-element_type=\"section\">\n\t\t\t\t\t\t<div class=\"elementor-container elementor-column-gap-custom\">\n\t\t\t\t\t<div class=\"elementor-column elementor-col-33 elementor-inner-column elementor-element elementor-element-8f45d66\" data-id=\"8f45d66\" data-element_type=\"column\">\n\t\t\t<div class=\"elementor-widget-wrap elementor-element-populated\">\n\t\t\t\t\t\t<div class=\"elementor-element elementor-element-8e43ffc elementor-widget elementor-widget-tx_icon_box elh-el tx_icon_box\" data-id=\"8e43ffc\" data-element_type=\"widget\" data-settings=\"{&quot;design_style&quot;:&quot;style_1&quot;}\" data-widget_type=\"tx_icon_box.default\">\n\t\t\t\t<div class=\"elementor-widget-container\">\n\t\t\t\t\t<div class=\"vt-service-item txIcon-box position-relative\">\r\n    <div class=\"vt-vertical-shape shape_2 txt_item_active\"><\/div>\r\n        <div class=\"item-icon\">\r\n                    <img decoding=\"async\" src=\"https:\/\/kulturemanaging.com\/wp-content\/uploads\/2025\/03\/iconos-20.png\" alt=\"iconos-20\" \/>\r\n            <\/div>\r\n    \r\n    <div class=\"item-text headline pera-content\">\r\n                <h3 class=\"href-underline\">\r\n            <a href=\"\"\r\n            target=\"_self\"\r\n            rel=\"\">\r\n                Invertimos            <\/a>\r\n        <\/h3>\r\n                        <p class=\"tx-description\">Kulture Managing financia el negocio, cubriendo los costos iniciales y operativos.<\/p>\r\n            <\/div>\r\n\r\n        <div class=\"vt-vertical-shape-2 txt_item_active\">\r\n        <span><\/span>\r\n        <span><\/span>\r\n        <span><\/span>\r\n    <\/div>\r\n    <\/div>\t\t\t\t<\/div>\n\t\t\t\t<\/div>\n\t\t\t\t\t<\/div>\n\t\t<\/div>\n\t\t\t\t<div class=\"elementor-column elementor-col-33 elementor-inner-column elementor-element elementor-element-fd9959f\" data-id=\"fd9959f\" data-element_type=\"column\">\n\t\t\t<div class=\"elementor-widget-wrap elementor-element-populated\">\n\t\t\t\t\t\t<div class=\"elementor-element elementor-element-b9aab99 elementor-widget elementor-widget-tx_icon_box elh-el tx_icon_box\" data-id=\"b9aab99\" data-element_type=\"widget\" data-settings=\"{&quot;design_style&quot;:&quot;style_1&quot;}\" data-widget_type=\"tx_icon_box.default\">\n\t\t\t\t<div class=\"elementor-widget-container\">\n\t\t\t\t\t<div class=\"vt-service-item txIcon-box position-relative\">\r\n    <div class=\"vt-vertical-shape shape_2 txt_item_active\"><\/div>\r\n        <div class=\"item-icon\">\r\n                    <img decoding=\"async\" src=\"https:\/\/kulturemanaging.com\/wp-content\/uploads\/2025\/03\/iconos-19.png\" alt=\"iconos-19\" \/>\r\n            <\/div>\r\n    \r\n    <div class=\"item-text headline pera-content\">\r\n                <h3 class=\"href-underline\">\r\n            <a href=\"\"\r\n            target=\"_self\"\r\n            rel=\"\">\r\n                Gestionamos            <\/a>\r\n        <\/h3>\r\n                        <p class=\"tx-description\">Nos encargamos de la administraci\u00f3n, cumplimiento normativo y operaciones comerciales.<\/p>\r\n            <\/div>\r\n\r\n        <div class=\"vt-vertical-shape-2 txt_item_active\">\r\n        <span><\/span>\r\n        <span><\/span>\r\n        <span><\/span>\r\n    <\/div>\r\n    <\/div>\t\t\t\t<\/div>\n\t\t\t\t<\/div>\n\t\t\t\t\t<\/div>\n\t\t<\/div>\n\t\t\t\t<div class=\"elementor-column elementor-col-33 elementor-inner-column elementor-element elementor-element-f8a0557\" data-id=\"f8a0557\" data-element_type=\"column\">\n\t\t\t<div class=\"elementor-widget-wrap elementor-element-populated\">\n\t\t\t\t\t\t<div class=\"elementor-element elementor-element-40ede20 elementor-widget elementor-widget-tx_icon_box elh-el tx_icon_box\" data-id=\"40ede20\" data-element_type=\"widget\" data-settings=\"{&quot;design_style&quot;:&quot;style_1&quot;}\" data-widget_type=\"tx_icon_box.default\">\n\t\t\t\t<div class=\"elementor-widget-container\">\n\t\t\t\t\t<div class=\"vt-service-item txIcon-box position-relative\">\r\n    <div class=\"vt-vertical-shape shape_2 txt_item_active\"><\/div>\r\n        <div class=\"item-icon\">\r\n                    <img decoding=\"async\" src=\"https:\/\/kulturemanaging.com\/wp-content\/uploads\/2025\/03\/iconos-18.png\" alt=\"iconos-18\" \/>\r\n            <\/div>\r\n    \r\n    <div class=\"item-text headline pera-content\">\r\n                <h3 class=\"href-underline\">\r\n            <a href=\"\"\r\n            target=\"_self\"\r\n            rel=\"\">\r\n                T\u00fa Ganas            <\/a>\r\n        <\/h3>\r\n                        <p class=\"tx-description\">T\u00fa lideras y haces crecer el negocio, compartiendo las ganancias con Kulture Managing.<\/p>\r\n            <\/div>\r\n\r\n        <div class=\"vt-vertical-shape-2 txt_item_active\">\r\n        <span><\/span>\r\n        <span><\/span>\r\n        <span><\/span>\r\n    <\/div>\r\n    <\/div>\t\t\t\t<\/div>\n\t\t\t\t<\/div>\n\t\t\t\t\t<\/div>\n\t\t<\/div>\n\t\t\t\t\t<\/div>\n\t\t<\/section>\n\t\t\t\t\t<\/div>\n\t\t<\/div>\n\t\t\t\t\t<\/div>\n\t\t<\/section>\n\t\t\t\t<section class=\"elementor-section elementor-top-section elementor-element elementor-element-820020f elementor-section-boxed elementor-section-height-default elementor-section-height-default\" data-id=\"820020f\" data-element_type=\"section\">\n\t\t\t\t\t\t<div class=\"elementor-container elementor-column-gap-default\">\n\t\t\t\t\t<div class=\"elementor-column elementor-col-100 elementor-top-column elementor-element elementor-element-aae6109\" data-id=\"aae6109\" data-element_type=\"column\">\n\t\t\t<div class=\"elementor-widget-wrap elementor-element-populated\">\n\t\t\t\t\t\t<div class=\"elementor-element elementor-element-e901738 elementor-widget elementor-widget-tx_service_section elh-el tx_service_section\" data-id=\"e901738\" data-element_type=\"widget\" data-settings=\"{&quot;design_style&quot;:&quot;style_2&quot;}\" data-widget_type=\"tx_service_section.default\">\n\t\t\t\t<div class=\"elementor-widget-container\">\n\t\t\t\t\t<section class=\"vt-service-section-4 pt-115 pb-120 tx-section\">\r\n    <div class=\"vt-service-content-4\">\r\n        <div class=\"container\">\r\n            <div class=\"vt-service-top-content d-flex justify-content-between flex-wrap align-items-center\">\r\n                <div class=\"vt-section-title ver_2 headline pera-content\">\r\n                                        <div class=\"subtitle wow fadeInRight\" data-wow-delay=\"400ms\" data-wow-duration=\"1000ms\">\r\n                        Beneficios Clave                    <\/div>\r\n                    <h2 class=\"tx-title section_title vt-title vt-title-ani\">Maximiza el Crecimiento sin Inversi\u00f3n Inicial<\/h2>                <\/div>\r\n                                <div class=\"vt-btn btn-spin mt-15\">\r\n                    <a class=\"tx-button\"\r\n                    href=\"https:\/\/kulturemanaging.com\/es\/contact\/\"\r\n                    target=\"_self\"\r\n                    rel=\"\"\r\n                    aria-label=\"Contacto\">\r\n                        Contacto                    <\/a>\r\n                <\/div>\r\n                            <\/div>\r\n            <div class=\"vt-service-item-content-4 appear_left pt-50 d-flex justify-content-end\">\r\n                <div class=\"vt-service-item-area d-flex\">\r\n                                        <div class=\"vt-service-item-4 position-relative headline pera-content\">\r\n                                                <h3 class=\"ser_title href-underline\">\r\n                            <a\r\n                            href=\"https:\/\/kulturemanaging.com\/es\/about\/\"\r\n                            target=\"_self\"\r\n                            rel= \"\"\r\n                            aria-label=\"name\">\r\n                                Sin inversi\u00f3n inicial                            <\/a>\r\n                        <\/h3>\r\n                        \r\n                                                <p>Nosotros cubrimos todos los costos de inicio y operaci\u00f3n.<\/p>\r\n                                            <\/div>\r\n                                        <div class=\"vt-service-item-4 position-relative headline pera-content\">\r\n                                                <h3 class=\"ser_title href-underline\">\r\n                            <a\r\n                            href=\"https:\/\/kulturemanaging.com\/es\/our-services\/\"\r\n                            target=\"_self\"\r\n                            rel= \"\"\r\n                            aria-label=\"name\">\r\n                                Enf\u00f3cate en el Crecimiento                            <\/a>\r\n                        <\/h3>\r\n                        \r\n                                                <p>T\u00fa diriges tu negocio mientras nosotros manejamos la parte operativa.<\/p>\r\n                                            <\/div>\r\n                                        <div class=\"vt-service-item-4 position-relative headline pera-content\">\r\n                                                <h3 class=\"ser_title href-underline\">\r\n                            <a\r\n                            href=\"https:\/\/kulturemanaging.com\/es\/team-page\/\"\r\n                            target=\"_self\"\r\n                            rel= \"\"\r\n                            aria-label=\"name\">\r\n                                Soporte y Recursos Expertos                            <\/a>\r\n                        <\/h3>\r\n                        \r\n                                                <p>Accede a asesor\u00eda estrat\u00e9gica, tecnolog\u00eda y gesti\u00f3n financiera.<\/p>\r\n                                            <\/div>\r\n                                        <div class=\"vt-service-item-4 position-relative headline pera-content\">\r\n                                                <h3 class=\"ser_title href-underline\">\r\n                            <a\r\n                            href=\"https:\/\/kulturemanaging.com\/es\/why-choose-us\/\"\r\n                            target=\"_self\"\r\n                            rel= \"\"\r\n                            aria-label=\"name\">\r\n                                Menos Riesgo, M\u00e1s Recompensa                            <\/a>\r\n                        <\/h3>\r\n                        \r\n                                                <p>Emprende con confianza, respaldado por una inversi\u00f3n y gesti\u00f3n profesional.<\/p>\r\n                                            <\/div>\r\n                                    <\/div>\r\n            <\/div>\r\n        <\/div>\r\n    <\/div>\r\n<\/section>\t\t\t\t<\/div>\n\t\t\t\t<\/div>\n\t\t\t\t\t<\/div>\n\t\t<\/div>\n\t\t\t\t\t<\/div>\n\t\t<\/section>\n\t\t\t\t<\/div>","protected":false},"excerpt":{"rendered":"<p>Start Your Own Business Your Business, Our Investment \u2013 A Partnership for Success We help professionals like you launch and grow their own business\u2014without financial barriers. Kulture Managing covers the startup costs, handles operations, and shares in the success. How It Works Step-by-Step to Your Business Success We Invest Kulture Managing funds the business, covering [&hellip;]<\/p>","protected":false},"author":1,"featured_media":0,"parent":0,"menu_order":0,"comment_status":"closed","ping_status":"closed","template":"elementor_header_footer","meta":{"inline_featured_image":false,"footnotes":""},"class_list":["post-5593","page","type-page","status-publish","hentry"],"_links":{"self":[{"href":"https:\/\/kulturemanaging.com\/es\/wp-json\/wp\/v2\/pages\/5593","targetHints":{"allow":["GET"]}}],"collection":[{"href":"https:\/\/kulturemanaging.com\/es\/wp-json\/wp\/v2\/pages"}],"about":[{"href":"https:\/\/kulturemanaging.com\/es\/wp-json\/wp\/v2\/types\/page"}],"author":[{"embeddable":true,"href":"https:\/\/kulturemanaging.com\/es\/wp-json\/wp\/v2\/users\/1"}],"replies":[{"embeddable":true,"href":"https:\/\/kulturemanaging.com\/es\/wp-json\/wp\/v2\/comments?post=5593"}],"version-history":[{"count":77,"href":"https:\/\/kulturemanaging.com\/es\/wp-json\/wp\/v2\/pages\/5593\/revisions"}],"predecessor-version":[{"id":5682,"href":"https:\/\/kulturemanaging.com\/es\/wp-json\/wp\/v2\/pages\/5593\/revisions\/5682"}],"wp:attachment":[{"href":"https:\/\/kulturemanaging.com\/es\/wp-json\/wp\/v2\/media?parent=5593"}],"curies":[{"name":"wp","href":"https:\/\/api.w.org\/{rel}","templated":true}]}}