{"id":43,"date":"2024-09-26T12:58:51","date_gmt":"2024-09-26T12:58:51","guid":{"rendered":"https:\/\/themexriver.com\/wp\/vertexify\/?page_id=43"},"modified":"2025-02-22T03:44:41","modified_gmt":"2025-02-22T03:44:41","slug":"our-services","status":"publish","type":"page","link":"https:\/\/kulturemanaging.com\/es\/our-services\/","title":{"rendered":"Nuestros Servicios"},"content":{"rendered":"<div data-elementor-type=\"wp-page\" data-elementor-id=\"43\" class=\"elementor elementor-43\">\n\t\t\t\t\t\t<section class=\"elementor-section elementor-top-section elementor-element elementor-element-7c10f8b elementor-section-boxed elementor-section-height-default elementor-section-height-default\" data-id=\"7c10f8b\" data-element_type=\"section\">\n\t\t\t\t\t\t<div class=\"elementor-container elementor-column-gap-default\">\n\t\t\t\t\t<div class=\"elementor-column elementor-col-50 elementor-top-column elementor-element elementor-element-0be34cc\" data-id=\"0be34cc\" data-element_type=\"column\">\n\t\t\t<div class=\"elementor-widget-wrap elementor-element-populated\">\n\t\t\t\t\t\t<div class=\"elementor-element elementor-element-c9e3e37 elementor-widget elementor-widget-tx_heading elh-el tx_heading\" data-id=\"c9e3e37\" data-element_type=\"widget\" data-settings=\"{&quot;design_style&quot;:&quot;style_2&quot;}\" data-widget_type=\"tx_heading.default\">\n\t\t\t\t<div class=\"elementor-widget-container\">\n\t\t\t\t\t<div class=\"vt-section-title ver_2 headline pera-content tx-heading-section\">\r\n        <div class=\"subtitle tx-subTitle wow fadeInRight\" data-wow-delay=\"400ms\" data-wow-duration=\"1000ms\">\r\n        Lo Que Hacemos    <\/div>\r\n    <h2 class=\"tx-title section_title vt-title  vt-title-ani\">Servicios Dise\u00f1ados para Optimizar Operaciones y Potenciar la Excelencia Empresarial<\/h2>    <\/div>\t\t\t\t<\/div>\n\t\t\t\t<\/div>\n\t\t\t\t\t<\/div>\n\t\t<\/div>\n\t\t\t\t<div class=\"elementor-column elementor-col-50 elementor-top-column elementor-element elementor-element-7f2f877\" data-id=\"7f2f877\" data-element_type=\"column\">\n\t\t\t<div class=\"elementor-widget-wrap elementor-element-populated\">\n\t\t\t\t\t\t<div class=\"elementor-element elementor-element-0d8f757 elementor-widget elementor-widget-tx_heading elh-el tx_heading\" data-id=\"0d8f757\" data-element_type=\"widget\" data-settings=\"{&quot;design_style&quot;:&quot;style_2&quot;}\" data-widget_type=\"tx_heading.default\">\n\t\t\t\t<div class=\"elementor-widget-container\">\n\t\t\t\t\t<div class=\"vt-section-title ver_2 headline pera-content tx-heading-section\">\r\n            <p class=\"tx-description\">\r\n        Ofrecemos una gama completa de servicios dise\u00f1ados para gestionar todos los aspectos operativos de tu empresa, permiti\u00e9ndote enfocarte en el crecimiento y en ofrecer resultados excepcionales.    <\/p>\r\n    <\/div>\t\t\t\t<\/div>\n\t\t\t\t<\/div>\n\t\t\t\t\t<\/div>\n\t\t<\/div>\n\t\t\t\t\t<\/div>\n\t\t<\/section>\n\t\t\t\t<section class=\"elementor-section elementor-top-section elementor-element elementor-element-61115dc elementor-section-boxed elementor-section-height-default elementor-section-height-default\" data-id=\"61115dc\" data-element_type=\"section\">\n\t\t\t\t\t\t<div class=\"elementor-container elementor-column-gap-custom\">\n\t\t\t\t\t<div class=\"elementor-column elementor-col-33 elementor-top-column elementor-element elementor-element-07a62dd\" data-id=\"07a62dd\" data-element_type=\"column\">\n\t\t\t<div class=\"elementor-widget-wrap elementor-element-populated\">\n\t\t\t\t\t\t<div class=\"elementor-element elementor-element-ac3a9da elementor-widget elementor-widget-tx_info_box elh-el tx_info_box\" data-id=\"ac3a9da\" data-element_type=\"widget\" data-settings=\"{&quot;design_style&quot;:&quot;style_2&quot;}\" data-widget_type=\"tx_info_box.default\">\n\t\t\t\t<div class=\"elementor-widget-container\">\n\t\t\t\t\t<div class=\"vt-service-item-feed m-0\">\r\n        <div class=\"item-img position-relative\">\r\n        <img decoding=\"async\" src=\"https:\/\/kulturemanaging.com\/wp-content\/uploads\/2025\/01\/service1-01.webp\"\r\n        alt=\"service1-01\" \/>\r\n    <\/div>\r\n        <div class=\"item-text headline pera-content\">\r\n                <h3 class=\"ser_title\">\r\n            <a href=\"\"\r\n            target=\"_self\"\r\n            rel= \"\">\r\n                Recursos Humanos            <\/a>\r\n        <\/h3>\r\n        \r\n                <p>El \u00e9xito de tu equipo comienza con una gesti\u00f3n de RR.HH. eficiente. Nos encargamos de reclutamiento, incorporaci\u00f3n, relaciones laborales y gesti\u00f3n del desempe\u00f1o para garantizar una fuerza laboral motivada y eficiente.<\/p>\r\n        \r\n            <\/div>\r\n<\/div>\t\t\t\t<\/div>\n\t\t\t\t<\/div>\n\t\t\t\t\t<\/div>\n\t\t<\/div>\n\t\t\t\t<div class=\"elementor-column elementor-col-33 elementor-top-column elementor-element elementor-element-1502ebd\" data-id=\"1502ebd\" data-element_type=\"column\">\n\t\t\t<div class=\"elementor-widget-wrap elementor-element-populated\">\n\t\t\t\t\t\t<div class=\"elementor-element elementor-element-1cb1223 elementor-widget elementor-widget-tx_info_box elh-el tx_info_box\" data-id=\"1cb1223\" data-element_type=\"widget\" data-settings=\"{&quot;design_style&quot;:&quot;style_2&quot;}\" data-widget_type=\"tx_info_box.default\">\n\t\t\t\t<div class=\"elementor-widget-container\">\n\t\t\t\t\t<div class=\"vt-service-item-feed m-0\">\r\n        <div class=\"item-img position-relative\">\r\n        <img decoding=\"async\" src=\"https:\/\/kulturemanaging.com\/wp-content\/uploads\/2025\/01\/service2-01.webp\"\r\n        alt=\"service2-01\" \/>\r\n    <\/div>\r\n        <div class=\"item-text headline pera-content\">\r\n                <h3 class=\"ser_title\">\r\n            <a href=\"\"\r\n            target=\"_self\"\r\n            rel= \"\">\r\n                Servicios de N\u00f3mina            <\/a>\r\n        <\/h3>\r\n        \r\n                <p>Simplificamos el procesamiento de n\u00f3mina con soluciones confiables. Administramos c\u00e1lculos salariales, declaraciones fiscales y cumplimiento normativo para garantizar pagos precisos y puntuales.<\/p>\r\n        \r\n            <\/div>\r\n<\/div>\t\t\t\t<\/div>\n\t\t\t\t<\/div>\n\t\t\t\t\t<\/div>\n\t\t<\/div>\n\t\t\t\t<div class=\"elementor-column elementor-col-33 elementor-top-column elementor-element elementor-element-633d5aa\" data-id=\"633d5aa\" data-element_type=\"column\">\n\t\t\t<div class=\"elementor-widget-wrap elementor-element-populated\">\n\t\t\t\t\t\t<div class=\"elementor-element elementor-element-effa9c3 elementor-widget elementor-widget-tx_info_box elh-el tx_info_box\" data-id=\"effa9c3\" data-element_type=\"widget\" data-settings=\"{&quot;design_style&quot;:&quot;style_2&quot;}\" data-widget_type=\"tx_info_box.default\">\n\t\t\t\t<div class=\"elementor-widget-container\">\n\t\t\t\t\t<div class=\"vt-service-item-feed m-0\">\r\n        <div class=\"item-img position-relative\">\r\n        <img decoding=\"async\" src=\"https:\/\/kulturemanaging.com\/wp-content\/uploads\/2025\/01\/service3-01.webp\"\r\n        alt=\"service3-01\" \/>\r\n    <\/div>\r\n        <div class=\"item-text headline pera-content\">\r\n                <h3 class=\"ser_title\">\r\n            <a href=\"\"\r\n            target=\"_self\"\r\n            rel= \"\">\r\n                Gesti\u00f3n Financiera            <\/a>\r\n        <\/h3>\r\n        \r\n                <p>Mant\u00e9n el control de tus finanzas con nuestros servicios personalizados. Desde presupuestos hasta control de gastos, te proporcionamos las herramientas necesarias para una toma de decisiones informada.<\/p>\r\n        \r\n            <\/div>\r\n<\/div>\t\t\t\t<\/div>\n\t\t\t\t<\/div>\n\t\t\t\t\t<\/div>\n\t\t<\/div>\n\t\t\t\t\t<\/div>\n\t\t<\/section>\n\t\t\t\t<section class=\"elementor-section elementor-top-section elementor-element elementor-element-c6cb662 elementor-section-boxed elementor-section-height-default elementor-section-height-default\" data-id=\"c6cb662\" data-element_type=\"section\">\n\t\t\t\t\t\t<div class=\"elementor-container elementor-column-gap-custom\">\n\t\t\t\t\t<div class=\"elementor-column elementor-col-33 elementor-top-column elementor-element elementor-element-bc08af0\" data-id=\"bc08af0\" data-element_type=\"column\">\n\t\t\t<div class=\"elementor-widget-wrap elementor-element-populated\">\n\t\t\t\t\t\t<div class=\"elementor-element elementor-element-441437b elementor-widget elementor-widget-tx_info_box elh-el tx_info_box\" data-id=\"441437b\" data-element_type=\"widget\" data-settings=\"{&quot;design_style&quot;:&quot;style_2&quot;}\" data-widget_type=\"tx_info_box.default\">\n\t\t\t\t<div class=\"elementor-widget-container\">\n\t\t\t\t\t<div class=\"vt-service-item-feed m-0\">\r\n        <div class=\"item-img position-relative\">\r\n        <img decoding=\"async\" src=\"https:\/\/kulturemanaging.com\/wp-content\/uploads\/2025\/01\/service5-01.webp\"\r\n        alt=\"service5-01\" \/>\r\n    <\/div>\r\n        <div class=\"item-text headline pera-content\">\r\n                <h3 class=\"ser_title\">\r\n            <a href=\"\"\r\n            target=\"_self\"\r\n            rel= \"\">\r\n                Facturaci\u00f3n y Cobranza            <\/a>\r\n        <\/h3>\r\n        \r\n                <p>Optimiza tus ingresos con procesos eficientes de facturaci\u00f3n y cobranza. Garantizamos precisi\u00f3n, emisi\u00f3n de facturas oportunas y seguimiento eficaz para mantener un flujo de caja saludable.\n\n<\/p>\r\n        \r\n            <\/div>\r\n<\/div>\t\t\t\t<\/div>\n\t\t\t\t<\/div>\n\t\t\t\t\t<\/div>\n\t\t<\/div>\n\t\t\t\t<div class=\"elementor-column elementor-col-33 elementor-top-column elementor-element elementor-element-e436963\" data-id=\"e436963\" data-element_type=\"column\">\n\t\t\t<div class=\"elementor-widget-wrap elementor-element-populated\">\n\t\t\t\t\t\t<div class=\"elementor-element elementor-element-edd9529 elementor-widget elementor-widget-tx_info_box elh-el tx_info_box\" data-id=\"edd9529\" data-element_type=\"widget\" data-settings=\"{&quot;design_style&quot;:&quot;style_2&quot;}\" data-widget_type=\"tx_info_box.default\">\n\t\t\t\t<div class=\"elementor-widget-container\">\n\t\t\t\t\t<div class=\"vt-service-item-feed m-0\">\r\n        <div class=\"item-img position-relative\">\r\n        <img decoding=\"async\" src=\"https:\/\/kulturemanaging.com\/wp-content\/uploads\/2025\/01\/service6-01.webp\"\r\n        alt=\"service6-01\" \/>\r\n    <\/div>\r\n        <div class=\"item-text headline pera-content\">\r\n                <h3 class=\"ser_title\">\r\n            <a href=\"\"\r\n            target=\"_self\"\r\n            rel= \"\">\r\n                Cumplimiento Normativo            <\/a>\r\n        <\/h3>\r\n        \r\n                <p>Mantente al d\u00eda con regulaciones en constante cambio. Nuestros expertos te gu\u00edan a trav\u00e9s de los requisitos legales y normativos, asegurando que tu negocio opere sin riesgos.\n\n<\/p>\r\n        \r\n            <\/div>\r\n<\/div>\t\t\t\t<\/div>\n\t\t\t\t<\/div>\n\t\t\t\t\t<\/div>\n\t\t<\/div>\n\t\t\t\t<div class=\"elementor-column elementor-col-33 elementor-top-column elementor-element elementor-element-d4ad0cd\" data-id=\"d4ad0cd\" data-element_type=\"column\">\n\t\t\t<div class=\"elementor-widget-wrap elementor-element-populated\">\n\t\t\t\t\t\t<div class=\"elementor-element elementor-element-bfe85ba elementor-widget elementor-widget-tx_info_box elh-el tx_info_box\" data-id=\"bfe85ba\" data-element_type=\"widget\" data-settings=\"{&quot;design_style&quot;:&quot;style_2&quot;}\" data-widget_type=\"tx_info_box.default\">\n\t\t\t\t<div class=\"elementor-widget-container\">\n\t\t\t\t\t<div class=\"vt-service-item-feed m-0\">\r\n        <div class=\"item-img position-relative\">\r\n        <img decoding=\"async\" src=\"https:\/\/kulturemanaging.com\/wp-content\/uploads\/2025\/01\/service7-01.webp\"\r\n        alt=\"service7-01\" \/>\r\n    <\/div>\r\n        <div class=\"item-text headline pera-content\">\r\n                <h3 class=\"ser_title\">\r\n            <a href=\"\"\r\n            target=\"_self\"\r\n            rel= \"\">\r\n                Gesti\u00f3n de Riesgos            <\/a>\r\n        <\/h3>\r\n        \r\n                <p>Protege tu empresa con estrategias de gesti\u00f3n de riesgos proactivas. Identificamos posibles amenazas y aplicamos medidas para salvaguardar tus operaciones y activos.\n\n<\/p>\r\n        \r\n            <\/div>\r\n<\/div>\t\t\t\t<\/div>\n\t\t\t\t<\/div>\n\t\t\t\t\t<\/div>\n\t\t<\/div>\n\t\t\t\t\t<\/div>\n\t\t<\/section>\n\t\t\t\t<section class=\"elementor-section elementor-top-section elementor-element elementor-element-bc2b609 elementor-section-boxed elementor-section-height-default elementor-section-height-default\" data-id=\"bc2b609\" data-element_type=\"section\">\n\t\t\t\t\t\t<div class=\"elementor-container elementor-column-gap-custom\">\n\t\t\t\t\t<div class=\"elementor-column elementor-col-33 elementor-top-column elementor-element elementor-element-1c2af8e\" data-id=\"1c2af8e\" data-element_type=\"column\">\n\t\t\t<div class=\"elementor-widget-wrap elementor-element-populated\">\n\t\t\t\t\t\t<div class=\"elementor-element elementor-element-70b71da elementor-widget elementor-widget-tx_info_box elh-el tx_info_box\" data-id=\"70b71da\" data-element_type=\"widget\" data-settings=\"{&quot;design_style&quot;:&quot;style_2&quot;}\" data-widget_type=\"tx_info_box.default\">\n\t\t\t\t<div class=\"elementor-widget-container\">\n\t\t\t\t\t<div class=\"vt-service-item-feed m-0\">\r\n        <div class=\"item-img position-relative\">\r\n        <img decoding=\"async\" src=\"https:\/\/kulturemanaging.com\/wp-content\/uploads\/2025\/01\/service8-01.webp\"\r\n        alt=\"service8-01\" \/>\r\n    <\/div>\r\n        <div class=\"item-text headline pera-content\">\r\n                <h3 class=\"ser_title\">\r\n            <a href=\"\"\r\n            target=\"_self\"\r\n            rel= \"\">\r\n                Gesti\u00f3n de Contratos            <\/a>\r\n        <\/h3>\r\n        \r\n                <p>Simplificamos la administraci\u00f3n de acuerdos con un manejo eficiente de contratos. Supervisamos la redacci\u00f3n, revisi\u00f3n y mantenimiento de contratos para garantizar claridad, cumplimiento y eficiencia.\n\n<\/p>\r\n        \r\n            <\/div>\r\n<\/div>\t\t\t\t<\/div>\n\t\t\t\t<\/div>\n\t\t\t\t\t<\/div>\n\t\t<\/div>\n\t\t\t\t<div class=\"elementor-column elementor-col-33 elementor-top-column elementor-element elementor-element-ee4c030\" data-id=\"ee4c030\" data-element_type=\"column\">\n\t\t\t<div class=\"elementor-widget-wrap elementor-element-populated\">\n\t\t\t\t\t\t<div class=\"elementor-element elementor-element-7d8d17c elementor-widget elementor-widget-tx_info_box elh-el tx_info_box\" data-id=\"7d8d17c\" data-element_type=\"widget\" data-settings=\"{&quot;design_style&quot;:&quot;style_2&quot;}\" data-widget_type=\"tx_info_box.default\">\n\t\t\t\t<div class=\"elementor-widget-container\">\n\t\t\t\t\t<div class=\"vt-service-item-feed m-0\">\r\n        <div class=\"item-img position-relative\">\r\n        <img decoding=\"async\" src=\"https:\/\/kulturemanaging.com\/wp-content\/uploads\/2025\/01\/service9-01.webp\"\r\n        alt=\"service9-01\" \/>\r\n    <\/div>\r\n        <div class=\"item-text headline pera-content\">\r\n                <h3 class=\"ser_title\">\r\n            <a href=\"\"\r\n            target=\"_self\"\r\n            rel= \"\">\r\n                Coordinacion del Cuidado del Cliente            <\/a>\r\n        <\/h3>\r\n        \r\n                <p>Mejora la experiencia de tus clientes con una coordinaci\u00f3n fluida. Desde agendamientos hasta seguimientos, nos aseguramos de que cada cliente reciba la atenci\u00f3n que merece.\n\n<\/p>\r\n        \r\n            <\/div>\r\n<\/div>\t\t\t\t<\/div>\n\t\t\t\t<\/div>\n\t\t\t\t\t<\/div>\n\t\t<\/div>\n\t\t\t\t<div class=\"elementor-column elementor-col-33 elementor-top-column elementor-element elementor-element-147fbef\" data-id=\"147fbef\" data-element_type=\"column\">\n\t\t\t<div class=\"elementor-widget-wrap elementor-element-populated\">\n\t\t\t\t\t\t<div class=\"elementor-element elementor-element-3da4c39 elementor-widget elementor-widget-tx_info_box elh-el tx_info_box\" data-id=\"3da4c39\" data-element_type=\"widget\" data-settings=\"{&quot;design_style&quot;:&quot;style_2&quot;}\" data-widget_type=\"tx_info_box.default\">\n\t\t\t\t<div class=\"elementor-widget-container\">\n\t\t\t\t\t<div class=\"vt-service-item-feed m-0\">\r\n        <div class=\"item-img position-relative\">\r\n        <img decoding=\"async\" src=\"https:\/\/kulturemanaging.com\/wp-content\/uploads\/2025\/01\/service12-01.webp\"\r\n        alt=\"service12-01\" \/>\r\n    <\/div>\r\n        <div class=\"item-text headline pera-content\">\r\n                <h3 class=\"ser_title\">\r\n            <a href=\"\"\r\n            target=\"_self\"\r\n            rel= \"\">\r\n                Gesti\u00f3n Tecnol\u00f3gica            <\/a>\r\n        <\/h3>\r\n        \r\n                <p>Aprovecha la \u00faltima tecnolog\u00eda para optimizar tus operaciones. Brindamos soporte IT, implementaci\u00f3n de software y mantenimiento de sistemas para maximizar el rendimiento.\n\n<\/p>\r\n        \r\n            <\/div>\r\n<\/div>\t\t\t\t<\/div>\n\t\t\t\t<\/div>\n\t\t\t\t\t<\/div>\n\t\t<\/div>\n\t\t\t\t\t<\/div>\n\t\t<\/section>\n\t\t\t\t<section class=\"elementor-section elementor-top-section elementor-element elementor-element-e1503a6 elementor-section-boxed elementor-section-height-default elementor-section-height-default\" data-id=\"e1503a6\" data-element_type=\"section\">\n\t\t\t\t\t\t<div class=\"elementor-container elementor-column-gap-custom\">\n\t\t\t\t\t<div class=\"elementor-column elementor-col-33 elementor-top-column elementor-element elementor-element-bcecad2\" data-id=\"bcecad2\" data-element_type=\"column\">\n\t\t\t<div class=\"elementor-widget-wrap elementor-element-populated\">\n\t\t\t\t\t\t<div class=\"elementor-element elementor-element-d8810eb elementor-widget elementor-widget-tx_info_box elh-el tx_info_box\" data-id=\"d8810eb\" data-element_type=\"widget\" data-settings=\"{&quot;design_style&quot;:&quot;style_2&quot;}\" data-widget_type=\"tx_info_box.default\">\n\t\t\t\t<div class=\"elementor-widget-container\">\n\t\t\t\t\t<div class=\"vt-service-item-feed m-0\">\r\n        <div class=\"item-img position-relative\">\r\n        <img decoding=\"async\" src=\"https:\/\/kulturemanaging.com\/wp-content\/uploads\/2025\/01\/service10-01.webp\"\r\n        alt=\"service10-01\" \/>\r\n    <\/div>\r\n        <div class=\"item-text headline pera-content\">\r\n                <h3 class=\"ser_title\">\r\n            <a href=\"\"\r\n            target=\"_self\"\r\n            rel= \"\">\r\n                Gesti\u00f3n de Espacios de Oficina            <\/a>\r\n        <\/h3>\r\n        \r\n                <p>Optimiza tu infraestructura con soluciones de gesti\u00f3n de espacios de trabajo. Nos aseguramos de que tu oficina est\u00e9 equipada y operativa para potenciar la productividad.\n\n<\/p>\r\n        \r\n            <\/div>\r\n<\/div>\t\t\t\t<\/div>\n\t\t\t\t<\/div>\n\t\t\t\t\t<\/div>\n\t\t<\/div>\n\t\t\t\t<div class=\"elementor-column elementor-col-33 elementor-top-column elementor-element elementor-element-b869149\" data-id=\"b869149\" data-element_type=\"column\">\n\t\t\t<div class=\"elementor-widget-wrap elementor-element-populated\">\n\t\t\t\t\t\t<div class=\"elementor-element elementor-element-7d7fe71 elementor-widget elementor-widget-tx_info_box elh-el tx_info_box\" data-id=\"7d7fe71\" data-element_type=\"widget\" data-settings=\"{&quot;design_style&quot;:&quot;style_2&quot;}\" data-widget_type=\"tx_info_box.default\">\n\t\t\t\t<div class=\"elementor-widget-container\">\n\t\t\t\t\t<div class=\"vt-service-item-feed m-0\">\r\n        <div class=\"item-img position-relative\">\r\n        <img decoding=\"async\" src=\"https:\/\/kulturemanaging.com\/wp-content\/uploads\/2025\/01\/service11-01-01.webp\"\r\n        alt=\"service11-01-01\" \/>\r\n    <\/div>\r\n        <div class=\"item-text headline pera-content\">\r\n                <h3 class=\"ser_title\">\r\n            <a href=\"\"\r\n            target=\"_self\"\r\n            rel= \"\">\r\n                Gesti\u00f3n de Arrendamiento de Equipos            <\/a>\r\n        <\/h3>\r\n        \r\n                <p>Facilitamos el acceso a equipos y herramientas esenciales para tu empresa a trav\u00e9s de soluciones de arrendamiento flexibles y rentables, asegurando que siempre cuentes con la tecnolog\u00eda y recursos adecuados.\n\n\n\n\n\n\n\n<\/p>\r\n        \r\n            <\/div>\r\n<\/div>\t\t\t\t<\/div>\n\t\t\t\t<\/div>\n\t\t\t\t\t<\/div>\n\t\t<\/div>\n\t\t\t\t<div class=\"elementor-column elementor-col-33 elementor-top-column elementor-element elementor-element-09ed58a\" data-id=\"09ed58a\" data-element_type=\"column\">\n\t\t\t<div class=\"elementor-widget-wrap elementor-element-populated\">\n\t\t\t\t\t\t<div class=\"elementor-element elementor-element-6d22113 elementor-widget elementor-widget-tx_info_box elh-el tx_info_box\" data-id=\"6d22113\" data-element_type=\"widget\" data-settings=\"{&quot;design_style&quot;:&quot;style_2&quot;}\" data-widget_type=\"tx_info_box.default\">\n\t\t\t\t<div class=\"elementor-widget-container\">\n\t\t\t\t\t<div class=\"vt-service-item-feed m-0\">\r\n        <div class=\"item-text headline pera-content\">\r\n        \r\n                <p>\n\n\n\n\n\n\n\n<\/p>\r\n        \r\n            <\/div>\r\n<\/div>\t\t\t\t<\/div>\n\t\t\t\t<\/div>\n\t\t\t\t\t<\/div>\n\t\t<\/div>\n\t\t\t\t\t<\/div>\n\t\t<\/section>\n\t\t\t\t<\/div>","protected":false},"excerpt":{"rendered":"<p>What we do Services Designed to Streamline Operations and Drive Business Excellence We offer a comprehensive range of services designed to manage all operational aspects of your business, allowing you to focus on what you do best: driving growth and delivering exceptional results. Human Resources Empowering your team starts with effective HR solutions. We handle [&hellip;]<\/p>","protected":false},"author":1,"featured_media":0,"parent":0,"menu_order":0,"comment_status":"closed","ping_status":"closed","template":"elementor_header_footer","meta":{"inline_featured_image":false,"footnotes":""},"class_list":["post-43","page","type-page","status-publish","hentry"],"_links":{"self":[{"href":"https:\/\/kulturemanaging.com\/es\/wp-json\/wp\/v2\/pages\/43","targetHints":{"allow":["GET"]}}],"collection":[{"href":"https:\/\/kulturemanaging.com\/es\/wp-json\/wp\/v2\/pages"}],"about":[{"href":"https:\/\/kulturemanaging.com\/es\/wp-json\/wp\/v2\/types\/page"}],"author":[{"embeddable":true,"href":"https:\/\/kulturemanaging.com\/es\/wp-json\/wp\/v2\/users\/1"}],"replies":[{"embeddable":true,"href":"https:\/\/kulturemanaging.com\/es\/wp-json\/wp\/v2\/comments?post=43"}],"version-history":[{"count":36,"href":"https:\/\/kulturemanaging.com\/es\/wp-json\/wp\/v2\/pages\/43\/revisions"}],"predecessor-version":[{"id":5461,"href":"https:\/\/kulturemanaging.com\/es\/wp-json\/wp\/v2\/pages\/43\/revisions\/5461"}],"wp:attachment":[{"href":"https:\/\/kulturemanaging.com\/es\/wp-json\/wp\/v2\/media?parent=43"}],"curies":[{"name":"wp","href":"https:\/\/api.w.org\/{rel}","templated":true}]}}