{"id":4139,"date":"2024-10-24T14:49:36","date_gmt":"2024-10-24T14:49:36","guid":{"rendered":"https:\/\/themexriver.com\/wp\/vertexify\/?page_id=4139"},"modified":"2025-04-14T20:24:29","modified_gmt":"2025-04-14T20:24:29","slug":"home","status":"publish","type":"page","link":"https:\/\/kulturemanaging.com\/es\/","title":{"rendered":"Inicio"},"content":{"rendered":"<div data-elementor-type=\"wp-page\" data-elementor-id=\"4139\" class=\"elementor elementor-4139\">\n\t\t\t\t\t\t<section class=\"elementor-section elementor-top-section elementor-element elementor-element-656a1f4 elementor-section-full_width elementor-section-height-default elementor-section-height-default\" data-id=\"656a1f4\" data-element_type=\"section\">\n\t\t\t\t\t\t<div class=\"elementor-container elementor-column-gap-default\">\n\t\t\t\t\t<div class=\"elementor-column elementor-col-100 elementor-top-column elementor-element elementor-element-04a2c71\" data-id=\"04a2c71\" data-element_type=\"column\">\n\t\t\t<div class=\"elementor-widget-wrap elementor-element-populated\">\n\t\t\t\t\t\t<div class=\"elementor-element elementor-element-025384c elementor-widget elementor-widget-tx_hero_section elh-el tx_hero_section\" data-id=\"025384c\" data-element_type=\"widget\" data-settings=\"{&quot;design_style&quot;:&quot;style_2&quot;}\" data-widget_type=\"tx_hero_section.default\">\n\t\t\t\t<div class=\"elementor-widget-container\">\n\t\t\t\t\t<section class=\"vt-banner-section txt_item_active item-view position-relative dark_version\">\r\n        <div class=\"vt-vertical-shape-2 txt_item_active\">\r\n        <span><\/span>\r\n        <span><\/span>\r\n        <span><\/span>\r\n    <\/div>\r\n    \r\n        <div class=\"bt-banner-img position-absolute\">\r\n                    <video width=\"100%\" height=\"100%\" loop muted playsinline autoplay id=\"art-hero-video\" class=\"bg-vid xs--hide\">\r\n                <source src=\"https:\/\/kulturemanaging.com\/wp-content\/uploads\/2025\/02\/introkm.mp4\" type=\"video\/mp4\">\r\n            <\/video>\r\n            <\/div>\r\n    \r\n    <div class=\"container\">\r\n        <div class=\"vt-banner-text dark_version vt-text headline pera-content\">\r\n                        <div class=\"banner-slug\">\r\n                 Empoderando Profesionales            <\/div>\r\n                        <h1 class=\"tx-title tx-split-text banner_title banner_title_line\">Transformando Operaciones con Experiencia.<\/h1>                        <p>Nuestras soluciones personalizadas optimizan las operaciones, fortalecen equipos y mejoran el rendimiento para un \u00e9xito sostenible.<\/p>\r\n            \r\n                        <div class=\"vt-btn btn-spin wow fadeInUp\" data-wow-delay=\"500ms\" data-wow-duration=\"1000ms\">\r\n                <a class=\"tx-button\" href=\"https:\/\/kulturemanaging.com\/es\/our-services\/\"\r\n                target=\"_self\"\r\n                rel=\"\">\r\n                    Explore nuestros servicios                <\/a>\r\n            <\/div>\r\n                    <\/div>\r\n    <\/div>\r\n<\/section>\t\t\t\t<\/div>\n\t\t\t\t<\/div>\n\t\t\t\t\t<\/div>\n\t\t<\/div>\n\t\t\t\t\t<\/div>\n\t\t<\/section>\n\t\t\t\t<section class=\"elementor-section elementor-top-section elementor-element elementor-element-420f490 elementor-section-full_width elementor-section-height-default elementor-section-height-default\" data-id=\"420f490\" data-element_type=\"section\">\n\t\t\t\t\t\t<div class=\"elementor-container elementor-column-gap-default\">\n\t\t\t\t\t<div class=\"elementor-column elementor-col-100 elementor-top-column elementor-element elementor-element-52bd046\" data-id=\"52bd046\" data-element_type=\"column\">\n\t\t\t<div class=\"elementor-widget-wrap elementor-element-populated\">\n\t\t\t\t\t\t<div class=\"elementor-element elementor-element-379bdfd elementor-widget elementor-widget-tx_service_section elh-el tx_service_section\" data-id=\"379bdfd\" data-element_type=\"widget\" data-settings=\"{&quot;design_style&quot;:&quot;style_2&quot;}\" data-widget_type=\"tx_service_section.default\">\n\t\t\t\t<div class=\"elementor-widget-container\">\n\t\t\t\t\t<section class=\"vt-service-section-4 pt-115 pb-120 tx-section\">\r\n    <div class=\"vt-service-content-4\">\r\n        <div class=\"container\">\r\n            <div class=\"vt-service-top-content d-flex justify-content-between flex-wrap align-items-center\">\r\n                <div class=\"vt-section-title ver_2 headline pera-content\">\r\n                                        <div class=\"subtitle wow fadeInRight\" data-wow-delay=\"400ms\" data-wow-duration=\"1000ms\">\r\n                        Empoderando la Excelencia.                    <\/div>\r\n                    <h2 class=\"tx-title section_title vt-title vt-title-ani\">Optimizamos operaciones, potenciamos equipos y fomentamos el crecimiento.<\/h2>                <\/div>\r\n                                <div class=\"vt-btn btn-spin mt-15\">\r\n                    <a class=\"tx-button\"\r\n                    href=\"https:\/\/kulturemanaging.com\/es\/our-services\/\"\r\n                    target=\"_self\"\r\n                    rel=\"\"\r\n                    aria-label=\"Explorar todos los servicios\">\r\n                        Explorar todos los servicios                    <\/a>\r\n                <\/div>\r\n                            <\/div>\r\n            <div class=\"vt-service-item-content-4 appear_left pt-50 d-flex justify-content-end\">\r\n                <div class=\"vt-service-item-area d-flex\">\r\n                                        <div class=\"vt-service-item-4 position-relative headline pera-content\">\r\n                                                <h3 class=\"ser_title href-underline\">\r\n                            <a\r\n                            href=\"https:\/\/kulturemanaging.com\/es\/about\/\"\r\n                            target=\"_self\"\r\n                            rel= \"\"\r\n                            aria-label=\"name\">\r\n                                Transformaci\u00f3n                            <\/a>\r\n                        <\/h3>\r\n                        \r\n                                                <p>Nos especializamos en gesti\u00f3n empresarial, optimizando operaciones para que puedas enfocarte en el crecimiento y el desarrollo de tu equipo.<\/p>\r\n                                            <\/div>\r\n                                        <div class=\"vt-service-item-4 position-relative headline pera-content\">\r\n                                                <h3 class=\"ser_title href-underline\">\r\n                            <a\r\n                            href=\"https:\/\/kulturemanaging.com\/es\/our-services\/\"\r\n                            target=\"_self\"\r\n                            rel= \"\"\r\n                            aria-label=\"name\">\r\n                                Servicio                            <\/a>\r\n                        <\/h3>\r\n                        \r\n                                                <p>Ofrecemos soluciones en recursos humanos, n\u00f3mina, facturaci\u00f3n, cumplimiento normativo y m\u00e1s, mejorando la eficiencia y promoviendo una cultura laboral positiva.<\/p>\r\n                                            <\/div>\r\n                                        <div class=\"vt-service-item-4 position-relative headline pera-content\">\r\n                                                <h3 class=\"ser_title href-underline\">\r\n                            <a\r\n                            href=\"https:\/\/kulturemanaging.com\/es\/team-page\/\"\r\n                            target=\"_self\"\r\n                            rel= \"\"\r\n                            aria-label=\"name\">\r\n                                Experiencia                            <\/a>\r\n                        <\/h3>\r\n                        \r\n                                                <p>Nuestro equipo altamente capacitado sobresale en RR.HH., operaciones y liderazgo, transformando negocios en organizaciones eficientes y exitosas.<\/p>\r\n                                            <\/div>\r\n                                        <div class=\"vt-service-item-4 position-relative headline pera-content\">\r\n                                                <h3 class=\"ser_title href-underline\">\r\n                            <a\r\n                            href=\"https:\/\/kulturemanaging.com\/es\/why-choose-us\/\"\r\n                            target=\"_self\"\r\n                            rel= \"\"\r\n                            aria-label=\"name\">\r\n                                Pasi\u00f3n                            <\/a>\r\n                        <\/h3>\r\n                        \r\n                                                <p>Nos impulsa el compromiso de fortalecer equipos, mejorar el desempe\u00f1o y construir culturas organizacionales s\u00f3lidas.<\/p>\r\n                                            <\/div>\r\n                                    <\/div>\r\n            <\/div>\r\n        <\/div>\r\n    <\/div>\r\n<\/section>\t\t\t\t<\/div>\n\t\t\t\t<\/div>\n\t\t\t\t\t<\/div>\n\t\t<\/div>\n\t\t\t\t\t<\/div>\n\t\t<\/section>\n\t\t\t\t<section class=\"elementor-section elementor-top-section elementor-element elementor-element-88d0184 elementor-section-full_width elementor-section-height-default elementor-section-height-default\" data-id=\"88d0184\" data-element_type=\"section\">\n\t\t\t\t\t\t<div class=\"elementor-container elementor-column-gap-default\">\n\t\t\t\t\t<div class=\"elementor-column elementor-col-100 elementor-top-column elementor-element elementor-element-536ad2b\" data-id=\"536ad2b\" data-element_type=\"column\">\n\t\t\t<div class=\"elementor-widget-wrap elementor-element-populated\">\n\t\t\t\t\t\t<div class=\"elementor-element elementor-element-573fbf1 elementor-widget elementor-widget-tx_about elh-el tx_about\" data-id=\"573fbf1\" data-element_type=\"widget\" data-settings=\"{&quot;design_style&quot;:&quot;style_1&quot;}\" data-widget_type=\"tx_about.default\">\n\t\t\t\t<div class=\"elementor-widget-container\">\n\t\t\t\t\t<section class=\"vt-why-choose-section tx-section\">\r\n    <div class=\"vt-why-choose-content d-flex align-items-center dark_version\">\r\n        <div class=\"vt-why-choose-img log-image-appear1 position-relative\">\r\n                        <img decoding=\"async\" class=\"log-img-rvl_1\" src=\"https:\/\/kulturemanaging.com\/wp-content\/uploads\/2025\/01\/gpov.webp\" alt=\"gpov\">\r\n                                <\/div>\r\n        <div class=\"vt-why-choose-text dark_version\">\r\n            <div class=\"vt-section-title headline pera-content\">\r\n                                <div class=\"subtitle wow fadeInRight\"  data-wow-delay=\"400ms\" data-wow-duration=\"1000ms\">\r\n                    Nuestro Enfoque de Trabajo                <\/div>\r\n                <h2 class=\"tx-title section_title vt-title vt-title-ani\">Redefiniendo el \u00c9xito a Trav\u00e9s de Alianzas, Innovaci\u00f3n y Empoderamiento de Equipos<\/h2>            <\/div>\r\n                        <div class=\"vt-why-choose-ft-item-area\">\r\n                                <div class=\"vt-why-choose-ft-item d-flex top_view dark_version\">\r\n                    <div class=\"item-icon\">\r\n                                                    <img decoding=\"async\" src=\"https:\/\/kulturemanaging.com\/wp-content\/uploads\/2025\/02\/kmicon-06.png\" alt=\"kmicon-06\">\r\n                                            <\/div>\r\n                    <div class=\"item-text headline pera-content\">\r\n                                                <h3>Relaciones Colaborativas<\/h3>\r\n                        \r\n                                                <p>Nos asociamos estrat\u00e9gicamente con nuestros clientes, ofreciendo soluciones personalizadas que generan resultados efectivos y maximizan el \u00e9xito.<\/p>\r\n                                            <\/div>\r\n                <\/div>\r\n                                <div class=\"vt-why-choose-ft-item d-flex top_view dark_version\">\r\n                    <div class=\"item-icon\">\r\n                                                    <img decoding=\"async\" src=\"https:\/\/kulturemanaging.com\/wp-content\/uploads\/2025\/02\/icon-07.png\" alt=\"icon-07\">\r\n                                            <\/div>\r\n                    <div class=\"item-text headline pera-content\">\r\n                                                <h3>Desafiando lo Establecido<\/h3>\r\n                        \r\n                                                <p>Nos esforzamos por transformar el liderazgo, brindando soluciones personalizadas que humanizan el impacto y simplifican los procesos.<\/p>\r\n                                            <\/div>\r\n                <\/div>\r\n                                <div class=\"vt-why-choose-ft-item d-flex top_view dark_version\">\r\n                    <div class=\"item-icon\">\r\n                                                    <img decoding=\"async\" src=\"https:\/\/kulturemanaging.com\/wp-content\/uploads\/2025\/02\/kmicon-08.png\" alt=\"kmicon-08\">\r\n                                            <\/div>\r\n                    <div class=\"item-text headline pera-content\">\r\n                                                <h3>Cultura Din\u00e1mica<\/h3>\r\n                        \r\n                                                <p>Implementamos operaciones culturales din\u00e1micas que atraen, involucran y retienen talento clave, ayudando a nuestros clientes a construir equipos autosuficientes y altamente eficientes.<\/p>\r\n                                            <\/div>\r\n                <\/div>\r\n                            <\/div>\r\n            \r\n                        <div class=\"vt-btn btn-spin mt-45\">\r\n                <a class=\"tx-button\"\r\n                href=\"https:\/\/kulturemanaging.com\/es\/contact\/\"\r\n                target=\"_self\"\r\n                rel=\"\"\r\n                aria-label=\"Agenda una Consulta\">\r\n                    Agenda una Consulta                <\/a>\r\n            <\/div>\r\n                    <\/div>\r\n    <\/div>\r\n<\/section>\t\t\t\t<\/div>\n\t\t\t\t<\/div>\n\t\t\t\t\t<\/div>\n\t\t<\/div>\n\t\t\t\t\t<\/div>\n\t\t<\/section>\n\t\t\t\t<section class=\"elementor-section elementor-top-section elementor-element elementor-element-fa90824 elementor-section-boxed elementor-section-height-default elementor-section-height-default\" data-id=\"fa90824\" data-element_type=\"section\">\n\t\t\t\t\t\t<div class=\"elementor-container elementor-column-gap-default\">\n\t\t\t\t\t<div class=\"elementor-column elementor-col-100 elementor-top-column elementor-element elementor-element-71ebc4d\" data-id=\"71ebc4d\" data-element_type=\"column\">\n\t\t\t<div class=\"elementor-widget-wrap elementor-element-populated\">\n\t\t\t\t\t\t<div class=\"elementor-element elementor-element-04b4631 elementor-widget__width-initial elementor-widget elementor-widget-tx_heading elh-el tx_heading\" data-id=\"04b4631\" data-element_type=\"widget\" data-settings=\"{&quot;design_style&quot;:&quot;style_2&quot;}\" data-widget_type=\"tx_heading.default\">\n\t\t\t\t<div class=\"elementor-widget-container\">\n\t\t\t\t\t<div class=\"vt-section-title ver_2 headline pera-content tx-heading-section\">\r\n        <div class=\"subtitle tx-subTitle wow fadeInRight\" data-wow-delay=\"400ms\" data-wow-duration=\"1000ms\">\r\n        Preguntas Frecuentes    <\/div>\r\n    <h2 class=\"tx-title section_title vt-title  vt-title-ani\">Todo lo que Necesitas  <br>Saber sobre KM<\/h2>    <\/div>\t\t\t\t<\/div>\n\t\t\t\t<\/div>\n\t\t\t\t\t<\/div>\n\t\t<\/div>\n\t\t\t\t\t<\/div>\n\t\t<\/section>\n\t\t\t\t<section class=\"elementor-section elementor-top-section elementor-element elementor-element-acaf1ca elementor-section-boxed elementor-section-height-default elementor-section-height-default\" data-id=\"acaf1ca\" data-element_type=\"section\">\n\t\t\t\t\t\t<div class=\"elementor-container elementor-column-gap-default\">\n\t\t\t\t\t<div class=\"elementor-column elementor-col-100 elementor-top-column elementor-element elementor-element-ffe47b5\" data-id=\"ffe47b5\" data-element_type=\"column\">\n\t\t\t<div class=\"elementor-widget-wrap elementor-element-populated\">\n\t\t\t\t\t\t<div class=\"elementor-element elementor-element-63e1d66 elementor-widget elementor-widget-tx_faq elh-el tx_faq\" data-id=\"63e1d66\" data-element_type=\"widget\" data-settings=\"{&quot;design_style&quot;:&quot;style_1&quot;}\" data-widget_type=\"tx_faq.default\">\n\t\t\t\t<div class=\"elementor-widget-container\">\n\t\t\t\t\t<div class=\"vt-faq-item-area m-0 w-100 tx-faq-1\">\r\n    <div class=\"accordion\" id=\"accordionExample_959\">\r\n                <div class=\"accordion-item wow fadeInUp faq_active\">\r\n            <h2 class=\"accordion-header\" id=\"heading-959-0\">\r\n                <button class=\"accordion-button fti-para-3\"\r\n                type=\"button\"\r\n                data-bs-toggle=\"collapse\"\r\n                data-bs-target=\"#collapse-959-0\"\r\n                aria-expanded=\"true\"\r\n                aria-controls=\"collapse-959-0\">\r\n                    <span>\u00bfQu\u00e9 servicios ofrece Kulture Managing?<\/span>\r\n                <\/button>\r\n            <\/h2>\r\n            <div\r\n            id=\"collapse-959-0\"\r\n            class=\"accordion-collapse collapse show\"\r\n            aria-labelledby=\"heading-959-0\"\r\n            data-bs-parent=\"#accordionExample_959\">\r\n                <div class=\"accordion-body\">\r\n                    <p class=\"bi-faq-text\">\r\n                        Ofrecemos una variedad de servicios, incluyendo recursos humanos, n\u00f3mina, gesti\u00f3n financiera, cumplimiento normativo, soluciones para el talento y gesti\u00f3n tecnol\u00f3gica, todos dise\u00f1ados para optimizar las operaciones comerciales y mejorar la eficiencia.                    <\/p>\r\n                <\/div>\r\n            <\/div>\r\n        <\/div>\r\n                <div class=\"accordion-item wow fadeInUp\">\r\n            <h2 class=\"accordion-header\" id=\"heading-959-1\">\r\n                <button class=\"accordion-button fti-para-3 collapsed\"\r\n                type=\"button\"\r\n                data-bs-toggle=\"collapse\"\r\n                data-bs-target=\"#collapse-959-1\"\r\n                aria-expanded=\"false\"\r\n                aria-controls=\"collapse-959-1\">\r\n                    <span>\u00bfC\u00f3mo puede Kulture Managing ayudar a mi negocio?<\/span>\r\n                <\/button>\r\n            <\/h2>\r\n            <div\r\n            id=\"collapse-959-1\"\r\n            class=\"accordion-collapse collapse\"\r\n            aria-labelledby=\"heading-959-1\"\r\n            data-bs-parent=\"#accordionExample_959\">\r\n                <div class=\"accordion-body\">\r\n                    <p class=\"bi-faq-text\">\r\n                        Nos encargamos de las complejidades administrativas y operativas, permiti\u00e9ndote enfocarte en el crecimiento, la innovaci\u00f3n y el \u00e9xito de tu equipo, mientras mejoramos la eficiencia, reducimos costos y optimizamos el rendimiento.                    <\/p>\r\n                <\/div>\r\n            <\/div>\r\n        <\/div>\r\n                <div class=\"accordion-item wow fadeInUp\">\r\n            <h2 class=\"accordion-header\" id=\"heading-959-2\">\r\n                <button class=\"accordion-button fti-para-3 collapsed\"\r\n                type=\"button\"\r\n                data-bs-toggle=\"collapse\"\r\n                data-bs-target=\"#collapse-959-2\"\r\n                aria-expanded=\"false\"\r\n                aria-controls=\"collapse-959-2\">\r\n                    <span>\u00bfKulture Managing es adecuado para negocios de todos los tama\u00f1os?<\/span>\r\n                <\/button>\r\n            <\/h2>\r\n            <div\r\n            id=\"collapse-959-2\"\r\n            class=\"accordion-collapse collapse\"\r\n            aria-labelledby=\"heading-959-2\"\r\n            data-bs-parent=\"#accordionExample_959\">\r\n                <div class=\"accordion-body\">\r\n                    <p class=\"bi-faq-text\">\r\n                        \u00a1S\u00ed! Nuestras soluciones son totalmente personalizables, ideales tanto para emprendimientos en crecimiento como para empresas establecidas que buscan escalar de manera eficiente.                    <\/p>\r\n                <\/div>\r\n            <\/div>\r\n        <\/div>\r\n                <div class=\"accordion-item wow fadeInUp\">\r\n            <h2 class=\"accordion-header\" id=\"heading-959-3\">\r\n                <button class=\"accordion-button fti-para-3 collapsed\"\r\n                type=\"button\"\r\n                data-bs-toggle=\"collapse\"\r\n                data-bs-target=\"#collapse-959-3\"\r\n                aria-expanded=\"false\"\r\n                aria-controls=\"collapse-959-3\">\r\n                    <span>\u00bfC\u00f3mo garantiza Kulture Managing el cumplimiento normativo?<\/span>\r\n                <\/button>\r\n            <\/h2>\r\n            <div\r\n            id=\"collapse-959-3\"\r\n            class=\"accordion-collapse collapse\"\r\n            aria-labelledby=\"heading-959-3\"\r\n            data-bs-parent=\"#accordionExample_959\">\r\n                <div class=\"accordion-body\">\r\n                    <p class=\"bi-faq-text\">\r\n                        Nos mantenemos actualizados con las \u00faltimas regulaciones y normativas, implementando estrategias para proteger tu negocio de riesgos y garantizar operaciones seguras y eficientes.                    <\/p>\r\n                <\/div>\r\n            <\/div>\r\n        <\/div>\r\n                <div class=\"accordion-item wow fadeInUp\">\r\n            <h2 class=\"accordion-header\" id=\"heading-959-4\">\r\n                <button class=\"accordion-button fti-para-3 collapsed\"\r\n                type=\"button\"\r\n                data-bs-toggle=\"collapse\"\r\n                data-bs-target=\"#collapse-959-4\"\r\n                aria-expanded=\"false\"\r\n                aria-controls=\"collapse-959-4\">\r\n                    <span>\u00bfC\u00f3mo puedo comenzar con Kulture Managing?<\/span>\r\n                <\/button>\r\n            <\/h2>\r\n            <div\r\n            id=\"collapse-959-4\"\r\n            class=\"accordion-collapse collapse\"\r\n            aria-labelledby=\"heading-959-4\"\r\n            data-bs-parent=\"#accordionExample_959\">\r\n                <div class=\"accordion-body\">\r\n                    <p class=\"bi-faq-text\">\r\n                        Cont\u00e1ctanos a trav\u00e9s de nuestro sitio web o ll\u00e1manos. Agendaremos una consulta personalizada para comprender tus necesidades y desarrollar una estrategia a medida para tu negocio.\n                    <\/p>\r\n                <\/div>\r\n            <\/div>\r\n        <\/div>\r\n            <\/div>\r\n<\/div>\t\t\t\t<\/div>\n\t\t\t\t<\/div>\n\t\t\t\t<div class=\"elementor-element elementor-element-9b3e520 elementor-widget elementor-widget-heading\" data-id=\"9b3e520\" data-element_type=\"widget\" data-widget_type=\"heading.default\">\n\t\t\t\t<div class=\"elementor-widget-container\">\n\t\t\t\t\t<h5 class=\"elementor-heading-title elementor-size-default\">\u00bfNo encuentras tu pregunta? \u00a1Estamos Aqu\u00ed para Ayudarte!<\/h5>\t\t\t\t<\/div>\n\t\t\t\t<\/div>\n\t\t\t\t<div class=\"elementor-element elementor-element-9ab012c elementor-widget elementor-widget-tx_button elh-el tx_button\" data-id=\"9ab012c\" data-element_type=\"widget\" data-settings=\"{&quot;design_style&quot;:&quot;style_1&quot;}\" data-widget_type=\"tx_button.default\">\n\t\t\t\t<div class=\"elementor-widget-container\">\n\t\t\t\t\t<div class=\"btn-wrapper  text-center\">\r\n    <div class=\"vt-btn btn-spin wow fadeIn\"\r\n        data-wow-delay=\"200\"\r\n        data-wow-duration=\"1000\">\r\n        <a class=\"tx-button\"\r\n        href=\"https:\/\/kulturemanaging.com\/es\/contact\/\"\r\n        target=\"_self\"\r\n        rel=\"\"\r\n        aria-label=\"Ponte en Contacto\">\r\n            Ponte en Contacto        <\/a>\r\n    <\/div>\r\n<\/div>\r\n\t\t\t\t<\/div>\n\t\t\t\t<\/div>\n\t\t\t\t\t<\/div>\n\t\t<\/div>\n\t\t\t\t\t<\/div>\n\t\t<\/section>\n\t\t\t\t<\/div>","protected":false},"excerpt":{"rendered":"<p>Empowering Professionals Transforming Operations with Expertise. Our tailored solutions streamline business operations, empower teams, and optimize performance for long-term success. Explore Our Services Empowering Excellence Streamlining operations, empowering teams, and fostering growth. Browse All Services Transformation We specialize in business management, streamlining operations so you can focus on patient care and staff development. Service We [&hellip;]<\/p>","protected":false},"author":1,"featured_media":0,"parent":0,"menu_order":0,"comment_status":"closed","ping_status":"closed","template":"elementor_header_footer","meta":{"inline_featured_image":false,"footnotes":""},"class_list":["post-4139","page","type-page","status-publish","hentry"],"_links":{"self":[{"href":"https:\/\/kulturemanaging.com\/es\/wp-json\/wp\/v2\/pages\/4139","targetHints":{"allow":["GET"]}}],"collection":[{"href":"https:\/\/kulturemanaging.com\/es\/wp-json\/wp\/v2\/pages"}],"about":[{"href":"https:\/\/kulturemanaging.com\/es\/wp-json\/wp\/v2\/types\/page"}],"author":[{"embeddable":true,"href":"https:\/\/kulturemanaging.com\/es\/wp-json\/wp\/v2\/users\/1"}],"replies":[{"embeddable":true,"href":"https:\/\/kulturemanaging.com\/es\/wp-json\/wp\/v2\/comments?post=4139"}],"version-history":[{"count":139,"href":"https:\/\/kulturemanaging.com\/es\/wp-json\/wp\/v2\/pages\/4139\/revisions"}],"predecessor-version":[{"id":5711,"href":"https:\/\/kulturemanaging.com\/es\/wp-json\/wp\/v2\/pages\/4139\/revisions\/5711"}],"wp:attachment":[{"href":"https:\/\/kulturemanaging.com\/es\/wp-json\/wp\/v2\/media?parent=4139"}],"curies":[{"name":"wp","href":"https:\/\/api.w.org\/{rel}","templated":true}]}}